{"id":1077,"date":"2013-10-14T16:48:32","date_gmt":"2013-10-14T13:48:32","guid":{"rendered":"http:\/\/onioneyethemes.com\/tao\/?page_id=1077"},"modified":"2019-11-28T21:18:09","modified_gmt":"2019-11-28T18:18:09","slug":"ekip","status":"publish","type":"page","link":"https:\/\/artelye.net\/tr\/ekip\/","title":{"rendered":"EK\u0130P"},"content":{"rendered":"<p><img decoding=\"async\" loading=\"lazy\" class=\"alignnone wp-image-2238 size-medium aligncenter\" src=\"http:\/\/mimarlik.sendoganyazici.com\/site\/wp-content\/uploads\/2018\/07\/YagmurPekerPortre-300x300.jpg\" alt=\"\" width=\"300\" height=\"300\" srcset=\"https:\/\/artelye.net\/tr\/wp-content\/uploads\/2018\/07\/YagmurPekerPortre-300x300.jpg 300w, https:\/\/artelye.net\/tr\/wp-content\/uploads\/2018\/07\/YagmurPekerPortre-150x150.jpg 150w, https:\/\/artelye.net\/tr\/wp-content\/uploads\/2018\/07\/YagmurPekerPortre-600x600.jpg 600w, https:\/\/artelye.net\/tr\/wp-content\/uploads\/2018\/07\/YagmurPekerPortre.jpg 700w\" sizes=\"(max-width: 300px) 100vw, 300px\" \/><\/p>\n<h3 style=\"text-align: center;\">J\u00fclide Ya\u011fmur Peker<br \/>\n<em>Mimar<\/em><\/h3>\n<p style=\"text-align: center;\">1989 y\u0131l\u0131nda Artvin Bor\u00e7ka&#8217;da do\u011fmu\u015ftur. Artvin Hopa&#8217;da ya\u015famaktad\u0131r. Lisans e\u011fitimini Eski\u015fehir Osmangazi \u00dcniversitesi Mimarl\u0131k B\u00f6l\u00fcm\u00fc&#8217;nde (2007 &#8211; 2013) tamamlam\u0131\u015f, 2012 &#8211; 2014 y\u0131llar\u0131 aras\u0131 Antalya Olympos kaz\u0131s\u0131nda mimar olarak \u00e7al\u0131\u015fm\u0131\u015ft\u0131r. 2016 y\u0131l\u0131nda Hopa&#8217;da <strong><em>Artelye Tasar\u0131m ve Mimarl\u0131k Ofisi<\/em><\/strong>&#8216;ni kurmu\u015ftur.<\/p>\n<p>&nbsp;<\/p>\n<p style=\"text-align: center;\">\u201cModern helalarda klozetler yerden yukar\u0131 do\u011fru beyaz nil\u00fcferler gibi y\u00fckselir. Beden ne kadar de\u011fersiz oldu\u011funu unutsun, insan sifondaki su ba\u011f\u0131rsaklar\u0131ndan \u00e7\u0131kan art\u0131klar\u0131 silip g\u00f6t\u00fcrd\u00fckten sonra bu art\u0131klar\u0131n ba\u015flar\u0131na gelenleri bilmezlikten gelsin diye mimar elinden geleni yapar. La\u011f\u0131m borular\u0131 yap\u0131\u015fkan kollar\u0131yla evlerimizin ta i\u00e7ine dalsa da, \u00f6zenle g\u00f6zlerimizden gizlenir bunlar ve bizler banyolar\u0131m\u0131z\u0131n, yatak odalar\u0131m\u0131z\u0131n, dans salonlar\u0131m\u0131z\u0131n ve parlamentolar\u0131m\u0131z\u0131n alt\u0131nda yatan bu g\u00f6r\u00fcnmez bok Venediklerinden habersiz memnun, mesut ya\u015far\u0131z.\u201d<br \/>\n<strong>Milan Kundera,<\/strong> <em>Varolman\u0131n Dayan\u0131lmaz Hafifli\u011fi<\/em><\/p>\n<p style=\"text-align: center;\">\n","protected":false},"excerpt":{"rendered":"<p>J\u00fclide Ya\u011fmur Peker Mimar 1989 y\u0131l\u0131nda Artvin Bor\u00e7ka&#8217;da do\u011fmu\u015ftur. Artvin Hopa&#8217;da ya\u015famaktad\u0131r. Lisans e\u011fitimini Eski\u015fehir Osmangazi \u00dcniversitesi Mimarl\u0131k B\u00f6l\u00fcm\u00fc&#8217;nde (2007 &#8211; 2013) tamamlam\u0131\u015f, 2012 &#8211; 2014 y\u0131llar\u0131 aras\u0131 Antalya Olympos\u2026 <span class=\"read-btn\"><a class=\"read-more\" href=\"https:\/\/artelye.net\/tr\/ekip\/\">Read More &rarr;<\/a><\/span><\/p>\n","protected":false},"author":1,"featured_media":0,"parent":0,"menu_order":0,"comment_status":"open","ping_status":"closed","template":"","meta":[],"_links":{"self":[{"href":"https:\/\/artelye.net\/tr\/wp-json\/wp\/v2\/pages\/1077"}],"collection":[{"href":"https:\/\/artelye.net\/tr\/wp-json\/wp\/v2\/pages"}],"about":[{"href":"https:\/\/artelye.net\/tr\/wp-json\/wp\/v2\/types\/page"}],"author":[{"embeddable":true,"href":"https:\/\/artelye.net\/tr\/wp-json\/wp\/v2\/users\/1"}],"replies":[{"embeddable":true,"href":"https:\/\/artelye.net\/tr\/wp-json\/wp\/v2\/comments?post=1077"}],"version-history":[{"count":19,"href":"https:\/\/artelye.net\/tr\/wp-json\/wp\/v2\/pages\/1077\/revisions"}],"predecessor-version":[{"id":1796,"href":"https:\/\/artelye.net\/tr\/wp-json\/wp\/v2\/pages\/1077\/revisions\/1796"}],"wp:attachment":[{"href":"https:\/\/artelye.net\/tr\/wp-json\/wp\/v2\/media?parent=1077"}],"curies":[{"name":"wp","href":"https:\/\/api.w.org\/{rel}","templated":true}]}}